{"id":6,"date":"2019-10-18T12:58:34","date_gmt":"2019-10-18T10:58:34","guid":{"rendered":"https:\/\/studio-sacchi.it\/index.php\/mesmerize-pro\/"},"modified":"2023-11-28T11:06:25","modified_gmt":"2023-11-28T10:06:25","slug":"mesmerize-pro","status":"publish","type":"page","link":"https:\/\/studio-sacchi.it\/","title":{"rendered":"Front Page"},"content":{"rendered":"<div  data-label=\"Chi siamo\" data-id=\"about--1\" data-export-id=\"about-text-image\" data-category=\"about\" class=\"about-text-image content-section content-section-spacing content-relative\" id=\"chi-siamo\" style=\"background-color: rgb(245, 250, 253);\"><div  class=\"gridContainer\"> <div  class=\"row\"><div  class=\"col-sm-6 col-padding-small-xs col-sm-padding-large bg-color5 white-text content-col\" data-type=\"column\">  <h2  class=\"\">CHI SIAMO<\/h2> <p  class=\"\">Lo studio Sacchi S.A.S nasce nel 1975, vantando ad oggi, un\u2019esperienza pluriennale e consolidata nel settore dell\u2019amministrazione condominiale nell\u2019area di Milano, gestendo dal piccolo stabile al grande fabbricato.&nbsp;Da sempre opera con la massima professionalit\u00e0, trasparenza e affidabilit\u00e0, grazie anche al costante aggiornamento sulle normative vigenti. I titolari sono iscritti ad ANACI, associazione di categoria, riconosciuta a livello nazionale.<br >Lo Studio \u00e8 formato da uno staff serio e competente e si avvale della collaborazione di numerosi professionisti esterni, per offrire una vasta gamma di servizi volti a soddisfare ogni necessit\u00e0 relativa al condominio. Informatizzazione dei documenti e gestione della privacy condominiale fanno dello Studio Sacchi, una realt\u00e0 orientata all\u2019innovazione tecnica e all\u2019adozione immediata delle disposizioni legislative.<\/p><\/div> <div  class=\"col-sm-6 flexbox-strech center-xs middle-xs no-gutter-col\"><div  class=\"shadow-large overlap-left-large flexbox middle-xs center-xs right-img\" data-bg=\"image\" style=\"background-image: url(&quot;https:\/\/studio-sacchi.it\/wp-content\/uploads\/2020\/12\/sacchi_chi_siamo.png&quot;);\"><\/div><\/div> <\/div><\/div> <\/div><div  id=\"cta-1\" data-label=\"Cta\" data-id=\"cta-blue-section\" data-export-id=\"cta-blue-section\" data-category=\"cta\" class=\"cta-blue-section content-section content-section-spacing-medium bg-color1 white-text content-relative\" style=\"background-image: none; background-color: rgb(220, 239, 253);\"><div  class=\"gridContainer\"> <div  class=\"row middle-xs\"><div  class=\"col-sm-8 space-bottom-xs\" data-type=\"column\"> <h2  class=\"\" style=\"text-align: center;\"><span  style=\"color: rgb(0, 0, 0); font-weight: 600;\">RICHIEDI UN PREVENTIVO<\/span><\/h2> <\/div> <div  class=\"col-sm-4 end-sm\" data-type=\"column\"> <a class=\"button color7\" href=\"#contatti\" target=\"_self\" data-cp-link=\"1\" data-icon=\"\" rel=\"noopener noreferrer\">CONTATTACI<\/a><\/div> <\/div><\/div> <\/div><div  data-label=\"Cta\" data-id=\"cta--1\" data-export-id=\"cta-centered-section-grid\" data-category=\"cta\" class=\"cta-centered-section-grid content-section content-section-spacing-medium bg-color1 white-text content-relative\" id=\"cta-2\" style=\"background-image: none; background-color: rgb(4, 79, 143);\"><div  class=\"gridContainer\"> <div  class=\"row text-center\"><div  class=\"col-xs-12 col-sm-10 col-sm-offset-1 col-md-8 col-md-offset-2\" data-type=\"column\"> <img decoding=\"async\"  class=\"custom-image\" src=\"https:\/\/studio-sacchi.it\/wp-content\/uploads\/2020\/06\/LOGO-ANACI-..png\" alt=\"\" title=\"LOGO ANACI .\"><h2  class=\"\"><span  style=\"font-weight: 700;\">Lo studio Sacchi \u00e8 iscritto ad ANACI&nbsp;<\/span><\/h2> <p  class=\"\" style=\"text-align: center;\">Segue la filosofia che si basa sull\u2019innovazione continua \n<br >e sull\u2019aggiornamento costante e professionale.<\/p> <\/div> <\/div><\/div> <\/div><div  data-label=\"I nostri servizi\" data-id=\"features--1\" data-export-id=\"features-13\" data-category=\"features\" class=\"features-13 content-section content-section-spacing content-relative\" id=\"i-nostri-servizi\" style=\"background-color: rgb(245, 250, 253);\"><div  class=\"section-separator-top\">\n    <svg  class=\"section-separator-top\" data-separator-name=\"triangle-asymmetrical-negative\" preserveAspectRatio=\"none\" viewBox=\"0 0 1000 100\" xmlns=\"http:\/\/www.w3.org\/2000\/svg\">\n        <path  class=\"svg-white-bg\" d=\"M737.9,94.7L0,0v100h1000V0L737.9,94.7z\"><\/path>\n    <\/svg>\n<\/div><div  class=\"gridContainer\"> <div  class=\"row text-center\"><div  class=\"section-title-col\" data-type=\"column\"> <h2  class=\"\"><span  class=\"\" style=\"margin-bottom: 16px; outline-color: rgb(204, 204, 204); outline-style: solid; text-rendering: optimizeLegibility; font-size: 2.5rem; line-height: 3rem; word-wrap: break-word;\">COSA OFFRIAMO<\/span><\/h2> <h5  class=\"\"><span  style=\"font-family: &quot;Open Sans&quot;, arial, helvetica, sans-serif; font-weight: 400;\">Siamo in grado di offrire ai nostri clienti una serie di servizi completa ed interdisciplinare, per poter affrontare le problematiche riguardanti il settore ed il mercato immobiliare.<\/span><\/h5><\/div> <\/div> <div  class=\"row spaced-cols\" data-type=\"row\"> <div  class=\"col col-sm-6 space-bottom col-md-4\"> <i  class=\"fa icon fa-calculator bordered round big color7\"><\/i> <h4  class=\"\"><span  style=\"color: rgb(4, 79, 143); font-weight: 700;\">CONTABILITA\u2019<\/span><\/h4> <p  class=\"\">Gestione dal piccolo al grande\n<br >condominio; lo Studio ha la soluzione\n<br >perfetta per la gestione del tuo immobile.<\/p> <\/div> <div  class=\"col col-sm-6 space-bottom col-md-4\"><i  class=\"fa icon fa-connectdevelop bordered round big color7\"><\/i> <h4  class=\"\"><span  style=\"font-weight: 700; color: rgb(4, 79, 143);\">GESTIONE INTERVENTI<\/span><\/h4> <p  class=\"\">Lo studio prende direttamente in<br >\ncarico ogni intervento condominiale<br >\ncon tempismo ed efficacia.<\/p> <\/div> <div  class=\"col col-sm-6 space-bottom col-md-4\"><i  class=\"fa icon fa-building-o bordered round big color7\"><\/i> <h4  class=\"\"><span  style=\"font-weight: 700; color: rgb(4, 79, 143);\">GESTIONE LOCAZIONI<\/span><\/h4> <p  class=\"\">Gestione amministrativa dei contratti di \n<br >locazione\nper conto degli amministrati. \n<br >Contattaci per maggiori informazioni.<\/p> <\/div> <div  class=\"col col-sm-6 space-bottom col-md-4\"><i  class=\"fa icon fa-lock bordered round big color7\"><\/i> <h4  class=\"\"><span  style=\"font-weight: 700; color: rgb(4, 79, 143);\">PRIVACY CONDOMINIALE<\/span><\/h4> <p  class=\"\">Accedi all\u2019area Privacy Condominiale per\n<br >poter scaricare l\u2019informativa condominiale costantemente aggiornata.<\/p> <a class=\"button color7\" href=\"https:\/\/www.d360.cloud\/privacycondominiale\" target=\"_blank\" data-cp-link=\"1\" data-icon=\"\" rel=\"noopener noreferrer\">Accedi<\/a><\/div> <div  class=\"col col-sm-6 space-bottom col-md-4\"> <i  class=\"fa icon fa-table bordered round big color7\"><\/i> <h4  class=\"\"><span  style=\"color: rgb(4, 79, 143); font-weight: 700;\">BACHECA CONDOMINIALE<\/span><\/h4> <p  class=\"\">Accedi alla Bacheca Condominiale per\n<br >visualizzare i documenti e gli avvisi del\n<br >tuo condominio.<\/p> <a class=\"button color7\" href=\"https:\/\/archicond.azurewebsites.net\/Account\/Login?ReturnUrl=%2F\" target=\"_blank\" data-cp-link=\"1\" data-icon=\"\" rel=\"noopener noreferrer\">Accedi<\/a><\/div><div  class=\"col col-sm-6 space-bottom col-md-4\"> <i  class=\"fa icon fa-balance-scale bordered round big color7\"><\/i> <h4  class=\"\"><span  style=\"font-weight: 700; color: rgb(4, 79, 143);\">RAPPRESENTANZA LEGALE<\/span><\/h4> <p  class=\"\">Lo studio si avvale di collaboratori esterni,<br >\nprofessionisti in materia legale, in grado di<br >\noffrire rappresentanza al condominio.<\/p> <\/div><\/div><\/div> <\/div><div  data-label=\"Il Team\" data-id=\"team--1\" data-export-id=\"team-1\" data-category=\"team\" class=\"team-1 content-section content-section-spacing\" id=\"il-team\" style=\"background-color: rgb(255, 255, 255);\"><div  class=\"gridContainer\"> <div  class=\"row text-center\"><div  class=\"section-title-col\" data-type=\"column\"> <h2  class=\"\">Il nostro Team<\/h2> <p  class=\"lead\">La nostra squadra \u00e8 composta da professionisti seri, competenti e costantemente aggiornati su tutte le novit\u00e0 del settore. Umanit\u00e0 e dedizione sono le parole chiave che guidano i nostri collaboratori.<\/p><\/div> <\/div> <div  class=\"row spaced-cols content-center-sm\" data-type=\"row\"> <div  class=\"col-xs-12 col-sm-6 col-md-4 \"> <div  class=\"card bottom-border-color1 no-padding no-shadow\"> <img decoding=\"async\"  class=\"face\" src=\"\/\/extendthemes.com\/assets\/mesmerize\/sections-images\/team-1.jpg\"> <div  data-type=\"column\" class=\"col-padding-small col-padding-small-xs description-container\"> <h4  class=\"font-500\">Maria Greco<\/h4> <p  class=\"small\" style=\"font-style: italic;\">Amministrazione e contabilit\u00e0<\/p> <h6  class=\"\"><span  style=\"font-weight: 300;\">contbilit\u00e0@amm.rossi.it<\/span><\/h6><div  class=\"social-icons-group\" data-type=\"group\"> <a href=\"#\" target=\"_self\" rel=\"noopener noreferrer\"><i  class=\"fa icon fa-facebook-square gray\"><\/i><\/a> <a href=\"#\" target=\"_self\" rel=\"noopener noreferrer\"><i  class=\"fa icon fa-twitter-square gray\"><\/i><\/a> <a href=\"#\" target=\"_self\" rel=\"noopener noreferrer\"><i  class=\"fa icon fa-linkedin-square gray\"><\/i><\/a> <a href=\"#\" target=\"_self\" rel=\"noopener noreferrer\"><i  class=\"fa icon fa-google-plus-square gray\"><\/i><\/a><\/div> <\/div><\/div> <\/div> <div  class=\"col-xs-12 col-sm-6 col-md-4 \"> <div  class=\"card bottom-border-color1 no-padding no-shadow\"> <img decoding=\"async\"  class=\"face\" src=\"\/\/extendthemes.com\/assets\/mesmerize\/sections-images\/team-2.jpg\"> <div  data-type=\"column\" class=\"col-padding-small col-padding-small-xs description-container\"> <h4  class=\"font-500\">Mario Rossi<\/h4> <p  class=\"small\" style=\"font-style: italic;\">Amministratore condominiale<\/p> <h6  class=\"\"><span  style=\"font-weight: 300;\">amm.rossi@amm.rossi.it<\/span><\/h6><div  class=\"social-icons-group\" data-type=\"group\"> <a  href=\"#\"><i  class=\"gray fa icon fa-facebook-square small\"><\/i><\/a> <a  href=\"#\"><i  class=\"gray fa icon fa-twitter-square small\"><\/i><\/a> <a  href=\"#\"><i  class=\"gray fa icon fa-linkedin-square small\"><\/i><\/a> <a  href=\"#\"><i  class=\"gray fa icon fa-google-plus-square small\"><\/i><\/a><\/div> <\/div><\/div> <\/div> <div  class=\"col-xs-12 col-sm-6 col-md-4 \"> <div  class=\"card bottom-border-color1 no-padding no-shadow\"> <img decoding=\"async\"  class=\"face\" src=\"https:\/\/studio-sacchi.it\/wp-content\/uploads\/2019\/11\/team-5.jpg\" alt=\"\" title=\"team-5\"> <div  data-type=\"column\" class=\"col-padding-small col-padding-small-xs description-container\"> <h4  class=\"font-500\">Mario Bianchi<\/h4> <p  class=\"small\" style=\"font-style: italic;\">Assistenza clienti<\/p> <h6  class=\"\"><span  style=\"font-weight: 300;\">assistenza@amm.rossi.it<\/span><\/h6><div  class=\"social-icons-group\" data-type=\"group\"> <a  href=\"#\"><i  class=\"gray fa icon fa-facebook-square small\"><\/i><\/a> <a  href=\"#\"><i  class=\"gray fa icon fa-twitter-square small\"><\/i><\/a> <a  href=\"#\"><i  class=\"gray fa icon fa-linkedin-square small\"><\/i><\/a> <a  href=\"#\"><i  class=\"gray fa icon fa-google-plus-square small\"><\/i><\/a><\/div> <\/div><\/div> <\/div>     <\/div> <\/div><\/div><div  data-label=\"Overlappable\" data-id=\"overlappable--1\" data-export-id=\"overlappable-3\" data-category=\"overlappable\" class=\"overlappable-3 content-section content-section-spacing\" data-overlap=\"true\" id=\"overlappable-1\" style=\"background-color: rgb(255, 255, 255);\"><div  class=\"gridContainer\"> <div  class=\"row bg-color-white shadow-medium\"><div  class=\"col-xs-12 col-sm-6 image-col first-image-col\" data-bg=\"image\"><\/div> <div  class=\"col-xs-12 col-sm-6 content-col col-padding col-padding-xs\"> <div  class=\"col-padding\" data-type=\"column\"> <h4  class=\"\">RISPOSTA IMMEDIATA<\/h4> <p  class=\"\">Gli interventi richiesti dai nostri condomini vengono evasi dal personale di studio in maniera tempestiva ed efficace grazie al numero di emergenza memorizzato in segreteria. Tutto ci\u00f2 \u00e8 reso possibile anche grazie ai nostri fornitori, professionisti del settore, in grado di assicurare tutti i servizi e risposta immediata alle emergenze.<\/p> <\/div> <\/div><\/div> <div  class=\"row bg-color-white shadow-medium\"><div  class=\"col-xs-12 col-sm-6 content-col col-padding col-padding-xs\"> <div  class=\"col-padding\" data-type=\"column\"><h4  class=\"\">COLLABORATORI<\/h4> <p  class=\"\">Grazie al lavoro coordinato di pi\u00f9 professionisti e consulenti di fiducia esterni, lo studio Sacchi \u00e8 in grado di garantire la massima assistenza in ogni ambito della vita condominiale.<\/p> <\/div> <\/div> <div  class=\"col-xs-12 col-sm-6 image-col second-image-col first-xs last-sm\" data-bg=\"image\" style=\"background-image: url(&quot;https:\/\/studio-sacchi.it\/wp-content\/uploads\/2019\/10\/Perch\u00e8-sceglierci-2-Copy.jpg&quot;);\"><\/div> <\/div><\/div> <\/div><div  data-label=\"Cta\" data-id=\"cta--2\" data-export-id=\"cta-centered-section-grid\" data-category=\"cta\" class=\"cta-centered-section-grid content-section content-section-spacing-medium bg-color1 dark-text\" id=\"cta-3\" style=\"background-image: none; background-color: rgb(220, 239, 253);\"><div  class=\"gridContainer\"> <div  class=\"row text-center\"><div  class=\"col-xs-12 col-sm-10 col-sm-offset-1 col-md-8 col-md-offset-2\" data-type=\"column\">  <p  class=\"\"><span  style=\"font-weight: 600;\">Lo studio risponde alle telefonate dal Luned\u00ec al Venerd\u00ec,<\/span><br ><span  style=\"font-weight: 600;\">\ndalle ore 9.00 alle ore 12.00.<\/span><br ><span  style=\"font-weight: 600;\">\nSi riceve solo su appuntamento.<\/span><\/p> <a class=\"button color-white\" href=\"#contatti\" target=\"_self\" data-cp-link=\"1\" data-icon=\"\" rel=\"noopener noreferrer\">CONTATTACI<\/a><\/div> <\/div><\/div> <\/div><div  data-label=\"Contatti\" data-id=\"contact--1\" data-export-id=\"contact-7\" data-category=\"contact\" class=\"contact-7 content-section content-section-spacing white-text\" data-parallax-depth=\"20\" id=\"contatti\" style=\"background-color: rgb(245, 250, 253); background-image: url(&quot;https:\/\/studio-sacchi.it\/wp-content\/uploads\/2019\/10\/image-1-1024x768-1.png&quot;); background-size: cover; background-position: center top;\"><div  class=\"gridContainer\"> <div  class=\"row text-center\"><div  class=\"col-xs-12\"> <div  class=\"card no-padding\"><div  class=\"row\"> <div  class=\"col-xs-12 col-sm-6 contact-form-wrapper inline-info shadow-medium\"><h2  class=\"text-center font-300 color-black\">Entra in&nbsp;<span  id=\"_mce_caret\" data-mce-bogus=\"1\" data-mce-type=\"format-caret\"><span  style=\"font-weight: 700;\">\ufeffcontatto<span  id=\"_mce_caret\" data-mce-bogus=\"1\" data-mce-type=\"format-caret\"><span  style=\"font-weight: 400;\">\ufeff&nbsp;<span  id=\"_mce_caret\" data-mce-bogus=\"1\" data-mce-type=\"format-caret\"><span  style=\"font-weight: 300;\">\ufeffcon noi<\/span><\/span><\/span><\/span><\/span><\/span><\/h2> <div  class=\"\" data-content-shortcode=\"mesmerize_contact_form shortcode=&quot;contact-form-7 id=&amp;amp;quot;39&amp;amp;quot; title=&amp;amp;quot;Modulo di contatto 1&amp;amp;quot;&quot;\" data-editable=\"true\"><div role=\"form\" class=\"wpcf7\" id=\"wpcf7-f39-o1\" lang=\"it-IT\" dir=\"ltr\">\n<div class=\"screen-reader-response\"><\/div>\n<form action=\"\/index.php?rest_route=%2Fwp%2Fv2%2Fpages%2F6#wpcf7-f39-o1\" method=\"post\" class=\"wpcf7-form wpcf7-acceptance-as-validation\" novalidate=\"novalidate\">\n<div style=\"display: none;\">\n<input type=\"hidden\" name=\"_wpcf7\" value=\"39\" \/>\n<input type=\"hidden\" name=\"_wpcf7_version\" value=\"5.1.4\" \/>\n<input type=\"hidden\" name=\"_wpcf7_locale\" value=\"it_IT\" \/>\n<input type=\"hidden\" name=\"_wpcf7_unit_tag\" value=\"wpcf7-f39-o1\" \/>\n<input type=\"hidden\" name=\"_wpcf7_container_post\" value=\"0\" \/>\n<\/div>\n<p class=\"input-form\">\n<label> Nome*<br \/>\n    <span class=\"wpcf7-form-control-wrap your-name\"><input type=\"text\" name=\"your-name\" value=\"\" size=\"40\" class=\"wpcf7-form-control wpcf7-text wpcf7-validates-as-required\" aria-required=\"true\" aria-invalid=\"false\" \/><\/span> <\/label><\/p>\n<p class=\"input-form\">\n<label> Email*<br \/>\n    <span class=\"wpcf7-form-control-wrap your-email\"><input type=\"email\" name=\"your-email\" value=\"\" size=\"40\" class=\"wpcf7-form-control wpcf7-text wpcf7-email wpcf7-validates-as-required wpcf7-validates-as-email\" aria-required=\"true\" aria-invalid=\"false\" \/><\/span> <\/label><\/p>\n<p class=\"input-form\">\n<label> Oggetto*<br \/>\n    <span class=\"wpcf7-form-control-wrap your-subject\"><input type=\"text\" name=\"your-subject\" value=\"\" size=\"40\" class=\"wpcf7-form-control wpcf7-text wpcf7-validates-as-required\" aria-required=\"true\" aria-invalid=\"false\" \/><\/span> <\/label><\/p>\n<p class=\"input-form input-form100\">\n<label> Inserisci un tuo messaggio<br \/>\n    <span class=\"wpcf7-form-control-wrap your-message\"><textarea name=\"your-message\" cols=\"40\" rows=\"10\" class=\"wpcf7-form-control wpcf7-textarea\" aria-invalid=\"false\"><\/textarea><\/span> <\/label><\/p>\n<p class=\"input-form input-form100\">\n<span class=\"wpcf7-form-control-wrap accept-this-3\"><span class=\"wpcf7-form-control wpcf7-acceptance\"><span class=\"wpcf7-list-item\"><label><input type=\"checkbox\" name=\"accept-this-3\" value=\"1\" aria-invalid=\"false\" \/><span class=\"wpcf7-list-item-label\">AUTORIZZO IL <a target=\"_blank\" href=\"https:\/\/studio-sacchi.it\/privacy-policy\/\" style=\"text-decoration:underline;\">TRATTAMENTO DEI DATI PERSONALI<\/a><\/span><\/label><\/span><\/span><\/span>\n<\/p>\n<p>*campo obbligatorio<\/p>\n<p class=\"par-button-contact7\">\n<input type=\"submit\" value=\"Invia\" class=\"wpcf7-form-control wpcf7-submit\" \/><\/p>\n<div class=\"wpcf7-response-output wpcf7-display-none\"><\/div><\/form><\/div><\/div><\/div> <div  class=\"col-xs-12 col-sm-6 map-col\"><div  data-content-shortcode=\"mesmerize_maps address=&quot;via Via Edoardo Bassini, 17\/2 \u2013 20133 Milano&quot; zoom=&quot;65&quot;\" data-editable=\"true\" class=\"map-wrapper\"><iframe class=\"mesmerize-google-maps mesmerize-frame-map\" src=\"https:\/\/maps.google.com\/maps?q=via Via Edoardo Bassini, 17\/2 \u2013 20133 Milano&amp;z=14&amp;t=m&amp;output=embed&amp;iwloc=near\"><\/iframe><\/div><\/div> <\/div><\/div> <\/div><\/div> <\/div><\/div>","protected":false},"excerpt":{"rendered":"<p>CHI SIAMO Lo studio Sacchi S.A.S nasce nel 1975, vantando ad oggi, un\u2019esperienza pluriennale e consolidata nel settore dell\u2019amministrazione condominiale nell\u2019area di Milano, gestendo dal piccolo stabile al grande fabbricato.&nbsp;Da sempre opera con la massima professionalit\u00e0, trasparenza e affidabilit\u00e0, grazie anche al costante aggiornamento sulle normative vigenti. I titolari sono iscritti ad ANACI, associazione di&hellip; <br \/> <a class=\"read-more\" href=\"https:\/\/studio-sacchi.it\/\">Read more<\/a><\/p>\n","protected":false},"author":1,"featured_media":0,"parent":0,"menu_order":0,"comment_status":"closed","ping_status":"closed","template":"page-templates\/homepage.php","meta":{"footnotes":""},"class_list":["post-6","page","type-page","status-publish","hentry"],"_links":{"self":[{"href":"https:\/\/studio-sacchi.it\/index.php?rest_route=\/wp\/v2\/pages\/6","targetHints":{"allow":["GET"]}}],"collection":[{"href":"https:\/\/studio-sacchi.it\/index.php?rest_route=\/wp\/v2\/pages"}],"about":[{"href":"https:\/\/studio-sacchi.it\/index.php?rest_route=\/wp\/v2\/types\/page"}],"author":[{"embeddable":true,"href":"https:\/\/studio-sacchi.it\/index.php?rest_route=\/wp\/v2\/users\/1"}],"replies":[{"embeddable":true,"href":"https:\/\/studio-sacchi.it\/index.php?rest_route=%2Fwp%2Fv2%2Fcomments&post=6"}],"version-history":[{"count":79,"href":"https:\/\/studio-sacchi.it\/index.php?rest_route=\/wp\/v2\/pages\/6\/revisions"}],"predecessor-version":[{"id":665,"href":"https:\/\/studio-sacchi.it\/index.php?rest_route=\/wp\/v2\/pages\/6\/revisions\/665"}],"wp:attachment":[{"href":"https:\/\/studio-sacchi.it\/index.php?rest_route=%2Fwp%2Fv2%2Fmedia&parent=6"}],"curies":[{"name":"wp","href":"https:\/\/api.w.org\/{rel}","templated":true}]}}